{"id":3,"date":"2025-11-24T18:54:18","date_gmt":"2025-11-24T18:54:18","guid":{"rendered":"http:\/\/bcahxon.cluster100.hosting.ovh.net\/?page_id=3"},"modified":"2026-01-12T20:25:30","modified_gmt":"2026-01-12T19:25:30","slug":"privacy-policy","status":"publish","type":"page","link":"https:\/\/phoenixor.fr\/index.php\/privacy-policy\/","title":{"rendered":"Politique de confidentialit\u00e9"},"content":{"rendered":"\n<h2 class=\"wp-block-heading\"><\/h2>\n\n\n<style>.kb-row-layout-id3_872d6d-d7 > .kt-row-column-wrap{align-content:start;}:where(.kb-row-layout-id3_872d6d-d7 > .kt-row-column-wrap) > .wp-block-kadence-column{justify-content:start;}.kb-row-layout-id3_872d6d-d7 > .kt-row-column-wrap{column-gap:var(--global-kb-gap-md, 2rem);row-gap:var(--global-kb-gap-md, 2rem);padding-top:var(--global-kb-spacing-sm, 1.5rem);padding-bottom:var(--global-kb-spacing-sm, 1.5rem);}.kb-row-layout-id3_872d6d-d7 > .kt-row-column-wrap > div:not(.added-for-specificity){grid-column:initial;}.kb-row-layout-id3_872d6d-d7 > .kt-row-column-wrap{grid-template-columns:minmax(0, 1fr) minmax(0, 6fr) minmax(0, 1fr);}.kb-row-layout-id3_872d6d-d7 > .kt-row-layout-overlay{opacity:0.30;}@media all and (max-width: 1024px){.kb-row-layout-id3_872d6d-d7 > .kt-row-column-wrap > div:not(.added-for-specificity){grid-column:initial;}}@media all and (max-width: 1024px){.kb-row-layout-id3_872d6d-d7 > .kt-row-column-wrap{grid-template-columns:minmax(0, 1fr) minmax(0, 6fr) minmax(0, 1fr);}}@media all and (max-width: 767px){.kb-row-layout-id3_872d6d-d7 > .kt-row-column-wrap > div:not(.added-for-specificity){grid-column:initial;}.kb-row-layout-id3_872d6d-d7 > .kt-row-column-wrap{grid-template-columns:minmax(0, 1fr);}}<\/style><div class=\"kb-row-layout-wrap kb-row-layout-id3_872d6d-d7 alignnone wp-block-kadence-rowlayout\"><div class=\"kt-row-column-wrap kt-has-3-columns kt-row-layout-center-exwide kt-tab-layout-inherit kt-mobile-layout-row kt-row-valign-top\">\n<style>.kadence-column3_674103-fe > .kt-inside-inner-col,.kadence-column3_674103-fe > .kt-inside-inner-col:before{border-top-left-radius:0px;border-top-right-radius:0px;border-bottom-right-radius:0px;border-bottom-left-radius:0px;}.kadence-column3_674103-fe > .kt-inside-inner-col{column-gap:var(--global-kb-gap-sm, 1rem);}.kadence-column3_674103-fe > .kt-inside-inner-col{flex-direction:column;}.kadence-column3_674103-fe > .kt-inside-inner-col > .aligncenter{width:100%;}.kadence-column3_674103-fe > .kt-inside-inner-col:before{opacity:0.3;}.kadence-column3_674103-fe{position:relative;}@media all and (max-width: 1024px){.kadence-column3_674103-fe > .kt-inside-inner-col{flex-direction:column;justify-content:center;}}@media all and (max-width: 767px){.kadence-column3_674103-fe > .kt-inside-inner-col{flex-direction:column;justify-content:center;}}<\/style>\n<div class=\"wp-block-kadence-column kadence-column3_674103-fe\"><div class=\"kt-inside-inner-col\"><\/div><\/div>\n\n\n<style>.kadence-column3_960f23-20 > .kt-inside-inner-col,.kadence-column3_960f23-20 > .kt-inside-inner-col:before{border-top-left-radius:0px;border-top-right-radius:0px;border-bottom-right-radius:0px;border-bottom-left-radius:0px;}.kadence-column3_960f23-20 > .kt-inside-inner-col{column-gap:var(--global-kb-gap-sm, 1rem);}.kadence-column3_960f23-20 > .kt-inside-inner-col{flex-direction:column;}.kadence-column3_960f23-20 > .kt-inside-inner-col > .aligncenter{width:100%;}.kadence-column3_960f23-20 > .kt-inside-inner-col:before{opacity:0.3;}.kadence-column3_960f23-20{position:relative;}@media all and (max-width: 1024px){.kadence-column3_960f23-20 > .kt-inside-inner-col{flex-direction:column;justify-content:center;}}@media all and (max-width: 767px){.kadence-column3_960f23-20 > .kt-inside-inner-col{flex-direction:column;justify-content:center;}}<\/style>\n<div class=\"wp-block-kadence-column kadence-column3_960f23-20\"><div class=\"kt-inside-inner-col\">\n<h1>Politique de confidentialit\u00e9<\/h1>\n<p style=\"font-weight:bold;\">1. Introduction<\/p>\n\n<p>La pr\u00e9sente politique de confidentialit\u00e9 a pour objectif d\u2019informer les utilisateurs du site de la mani\u00e8re dont leurs donn\u00e9es personnelles sont collect\u00e9es et trait\u00e9es, conform\u00e9ment au R\u00e8glement G\u00e9n\u00e9ral sur la Protection des Donn\u00e9es (RGPD \u2013 UE 2016\/679).<\/p>\n\n<p style=\"font-weight:bold;\">2. Donn\u00e9es personnelles collect\u00e9es<\/p>\n\n<p>Nous collectons uniquement les donn\u00e9es personnelles suivantes :\n\nAdresse e-mail, transmise volontairement par l\u2019utilisateur lorsqu\u2019il nous contacte par e-mail afin de demander un devis ou des informations.\n\nAucune cr\u00e9ation de compte n\u2019est possible sur le site et aucun commentaire ne peut \u00eatre laiss\u00e9.<\/p>\n\n<p style=\"font-weight:bold;\">3. Finalit\u00e9 de la collecte des donn\u00e9es<\/p>\n\n<p>Les donn\u00e9es collect\u00e9es sont utilis\u00e9es exclusivement pour :\n\nr\u00e9pondre aux demandes de devis ou d\u2019informations envoy\u00e9es par e-mail ;\n\nassurer le suivi des \u00e9changes commerciaux avec l\u2019utilisateur.\n\nLes donn\u00e9es ne sont en aucun cas utilis\u00e9es \u00e0 des fins publicitaires ou transmises \u00e0 des tiers.<\/p>\n\n<p style=\"font-weight:bold;\">4. Base l\u00e9gale du traitement<\/p>\n\n<p>Le traitement des donn\u00e9es personnelles repose sur :\n\nle consentement de l\u2019utilisateur, qui fournit volontairement son adresse e-mail en nous contactant.<\/p>\n\n<p style=\"font-weight:bold;\">5. Dur\u00e9e de conservation des donn\u00e9es\n\n<p>Les adresses e-mail sont conserv\u00e9es uniquement pendant la dur\u00e9e n\u00e9cessaire au traitement de la demande et au suivi commercial associ\u00e9, puis supprim\u00e9es ou archiv\u00e9es de mani\u00e8re s\u00e9curis\u00e9e.<\/p>\n\n<p style=\"font-weight:bold;\">6. Partage des donn\u00e9es\n\n<p>Les donn\u00e9es personnelles collect\u00e9es ne sont ni vendues, ni \u00e9chang\u00e9es, ni c\u00e9d\u00e9es \u00e0 des tiers.<\/p>\n\n<p style=\"font-weight:bold;\">7. S\u00e9curit\u00e9 des donn\u00e9es\n\n<p>Nous mettons en \u0153uvre des mesures techniques et organisationnelles appropri\u00e9es afin de garantir la s\u00e9curit\u00e9 et la confidentialit\u00e9 des donn\u00e9es personnelles collect\u00e9es et d\u2019emp\u00eacher leur acc\u00e8s non autoris\u00e9.<\/p>\n\n<p style=\"font-weight:bold;\">8. Droits des utilisateurs\n\n<p>Conform\u00e9ment au RGPD, vous disposez des droits suivants concernant vos donn\u00e9es personnelles :\n\ndroit d\u2019acc\u00e8s ;\n\ndroit de rectification ;\n\ndroit \u00e0 l\u2019effacement ;\n\ndroit \u00e0 la limitation du traitement ;\n\ndroit d\u2019opposition.\n\nVous pouvez exercer ces droits en nous contactant \u00e0 l\u2019adresse e-mail utilis\u00e9e pour votre demande.<\/p>\n\n<p style=\"font-weight:bold;\">9. Cookies<\/p>\n\n<p>Le site n\u2019utilise pas de cookies \u00e0 des fins de suivi, de statistiques ou de publicit\u00e9.\n\n<p style=\"font-weight:bold;\">10. Modification de la politique de confidentialit\u00e9<\/p>\n\n<p>La pr\u00e9sente politique de confidentialit\u00e9 peut \u00eatre modifi\u00e9e \u00e0 tout moment afin de rester conforme \u00e0 la l\u00e9gislation en vigueur. La version en ligne est celle actuellement applicable.<\/p>\n<\/div><\/div>\n\n\n<style>.kadence-column3_739186-a7 > .kt-inside-inner-col,.kadence-column3_739186-a7 > .kt-inside-inner-col:before{border-top-left-radius:0px;border-top-right-radius:0px;border-bottom-right-radius:0px;border-bottom-left-radius:0px;}.kadence-column3_739186-a7 > .kt-inside-inner-col{column-gap:var(--global-kb-gap-sm, 1rem);}.kadence-column3_739186-a7 > .kt-inside-inner-col{flex-direction:column;}.kadence-column3_739186-a7 > .kt-inside-inner-col > .aligncenter{width:100%;}.kadence-column3_739186-a7 > .kt-inside-inner-col:before{opacity:0.3;}.kadence-column3_739186-a7{position:relative;}@media all and (max-width: 1024px){.kadence-column3_739186-a7 > .kt-inside-inner-col{flex-direction:column;justify-content:center;}}@media all and (max-width: 767px){.kadence-column3_739186-a7 > .kt-inside-inner-col{flex-direction:column;justify-content:center;}}<\/style>\n<div class=\"wp-block-kadence-column kadence-column3_739186-a7\"><div class=\"kt-inside-inner-col\"><\/div><\/div>\n\n<\/div><\/div>","protected":false},"excerpt":{"rendered":"<p>Politique de confidentialit\u00e9 1. Introduction La pr\u00e9sente politique de confidentialit\u00e9 a pour objectif d\u2019informer les utilisateurs du site de la mani\u00e8re dont leurs donn\u00e9es personnelles sont collect\u00e9es et trait\u00e9es, conform\u00e9ment au R\u00e8glement G\u00e9n\u00e9ral sur la Protection des Donn\u00e9es (RGPD \u2013 UE 2016\/679). 2. Donn\u00e9es personnelles collect\u00e9es Nous collectons uniquement les donn\u00e9es personnelles suivantes : Adresse [&hellip;]<\/p>\n","protected":false},"author":1,"featured_media":0,"parent":0,"menu_order":0,"comment_status":"closed","ping_status":"open","template":"","meta":{"footnotes":""},"class_list":["post-3","page","type-page","status-publish","hentry","entry"],"_links":{"self":[{"href":"https:\/\/phoenixor.fr\/index.php\/wp-json\/wp\/v2\/pages\/3","targetHints":{"allow":["GET"]}}],"collection":[{"href":"https:\/\/phoenixor.fr\/index.php\/wp-json\/wp\/v2\/pages"}],"about":[{"href":"https:\/\/phoenixor.fr\/index.php\/wp-json\/wp\/v2\/types\/page"}],"author":[{"embeddable":true,"href":"https:\/\/phoenixor.fr\/index.php\/wp-json\/wp\/v2\/users\/1"}],"replies":[{"embeddable":true,"href":"https:\/\/phoenixor.fr\/index.php\/wp-json\/wp\/v2\/comments?post=3"}],"version-history":[{"count":5,"href":"https:\/\/phoenixor.fr\/index.php\/wp-json\/wp\/v2\/pages\/3\/revisions"}],"predecessor-version":[{"id":586,"href":"https:\/\/phoenixor.fr\/index.php\/wp-json\/wp\/v2\/pages\/3\/revisions\/586"}],"wp:attachment":[{"href":"https:\/\/phoenixor.fr\/index.php\/wp-json\/wp\/v2\/media?parent=3"}],"curies":[{"name":"wp","href":"https:\/\/api.w.org\/{rel}","templated":true}]}}