{"id":545,"date":"2026-01-04T18:16:58","date_gmt":"2026-01-04T17:16:58","guid":{"rendered":"https:\/\/phoenixor.fr\/?page_id=545"},"modified":"2026-01-23T00:13:21","modified_gmt":"2026-01-22T23:13:21","slug":"mentions-legales","status":"publish","type":"page","link":"https:\/\/phoenixor.fr\/index.php\/mentions-legales\/","title":{"rendered":"Mentions l\u00e9gales"},"content":{"rendered":"<style>.kb-row-layout-id545_619b6f-3b > .kt-row-column-wrap{align-content:start;}:where(.kb-row-layout-id545_619b6f-3b > .kt-row-column-wrap) > .wp-block-kadence-column{justify-content:start;}.kb-row-layout-id545_619b6f-3b > .kt-row-column-wrap{column-gap:var(--global-kb-gap-md, 2rem);row-gap:var(--global-kb-gap-md, 2rem);padding-top:var(--global-kb-spacing-sm, 1.5rem);padding-bottom:var(--global-kb-spacing-sm, 1.5rem);}.kb-row-layout-id545_619b6f-3b > .kt-row-column-wrap > div:not(.added-for-specificity){grid-column:initial;}.kb-row-layout-id545_619b6f-3b > .kt-row-column-wrap{grid-template-columns:minmax(0, 1fr) minmax(0, 6fr) minmax(0, 1fr);}.kb-row-layout-id545_619b6f-3b > .kt-row-layout-overlay{opacity:0.30;}@media all and (max-width: 1024px){.kb-row-layout-id545_619b6f-3b > .kt-row-column-wrap > div:not(.added-for-specificity){grid-column:initial;}}@media all and (max-width: 1024px){.kb-row-layout-id545_619b6f-3b > .kt-row-column-wrap{grid-template-columns:minmax(0, 1fr) minmax(0, 6fr) minmax(0, 1fr);}}@media all and (max-width: 767px){.kb-row-layout-id545_619b6f-3b > .kt-row-column-wrap > div:not(.added-for-specificity){grid-column:initial;}.kb-row-layout-id545_619b6f-3b > .kt-row-column-wrap{grid-template-columns:minmax(0, 1fr);}}<\/style><div class=\"kb-row-layout-wrap kb-row-layout-id545_619b6f-3b alignnone wp-block-kadence-rowlayout\"><div class=\"kt-row-column-wrap kt-has-3-columns kt-row-layout-center-exwide kt-tab-layout-inherit kt-mobile-layout-row kt-row-valign-top\">\n<style>.kadence-column545_baad9c-2f > .kt-inside-inner-col,.kadence-column545_baad9c-2f > .kt-inside-inner-col:before{border-top-left-radius:0px;border-top-right-radius:0px;border-bottom-right-radius:0px;border-bottom-left-radius:0px;}.kadence-column545_baad9c-2f > .kt-inside-inner-col{column-gap:var(--global-kb-gap-sm, 1rem);}.kadence-column545_baad9c-2f > .kt-inside-inner-col{flex-direction:column;}.kadence-column545_baad9c-2f > .kt-inside-inner-col > .aligncenter{width:100%;}.kadence-column545_baad9c-2f > .kt-inside-inner-col:before{opacity:0.3;}.kadence-column545_baad9c-2f{position:relative;}@media all and (max-width: 1024px){.kadence-column545_baad9c-2f > .kt-inside-inner-col{flex-direction:column;justify-content:center;}}@media all and (max-width: 767px){.kadence-column545_baad9c-2f > .kt-inside-inner-col{flex-direction:column;justify-content:center;}}<\/style>\n<div class=\"wp-block-kadence-column kadence-column545_baad9c-2f\"><div class=\"kt-inside-inner-col\"><\/div><\/div>\n\n\n<style>.kadence-column545_b86b0a-f7 > .kt-inside-inner-col,.kadence-column545_b86b0a-f7 > .kt-inside-inner-col:before{border-top-left-radius:0px;border-top-right-radius:0px;border-bottom-right-radius:0px;border-bottom-left-radius:0px;}.kadence-column545_b86b0a-f7 > .kt-inside-inner-col{column-gap:var(--global-kb-gap-sm, 1rem);}.kadence-column545_b86b0a-f7 > .kt-inside-inner-col{flex-direction:column;}.kadence-column545_b86b0a-f7 > .kt-inside-inner-col > .aligncenter{width:100%;}.kadence-column545_b86b0a-f7 > .kt-inside-inner-col:before{opacity:0.3;}.kadence-column545_b86b0a-f7{position:relative;}@media all and (max-width: 1024px){.kadence-column545_b86b0a-f7 > .kt-inside-inner-col{flex-direction:column;justify-content:center;}}@media all and (max-width: 767px){.kadence-column545_b86b0a-f7 > .kt-inside-inner-col{flex-direction:column;justify-content:center;}}<\/style>\n<div class=\"wp-block-kadence-column kadence-column545_b86b0a-f7\"><div class=\"kt-inside-inner-col\">\n<h1>Mentions l\u00e9gales<\/h1>\n\n<h3>Editeur du site<\/h3>\n\n<ul><li>D\u00e9nomination sociale : PHOENIX\u2019OR<\/li>\n\n<li>Forme juridique : SASU<\/li>\n\n<li>Montant du capital social : 2000 \u20ac<\/li>\n\n<li>Adresse du si\u00e8ge social : 18 rue de la chapelle 94800 Villejuif BP 70080<\/li>\n\n<li>Num\u00e9ro SIRET : 842 012 452 00020<\/li>\n\n<li>Num\u00e9ro de TVA intracommunautaire : FR34 842 012 452<\/li>\n\n<li>Responsable de la publication : Le pr\u00e9sident de la SASU PHOENIX\u2019OR<\/li><\/ul>\n<h3>H\u00e9bergeur du site<\/h3>\n<p>OVH SAS <br>2 rue Kellermann <br>59100 Roubaix <br>France<\/p>\n<h3>Propri\u00e9t\u00e9 intellectuelle<\/h3>\n\n<p>Les contenus du site (textes, images, logos, graphismes\u2026) sont prot\u00e9g\u00e9s par le droit d\u2019auteur. <br>\nToute reproduction ou utilisation sans autorisation est interdite.<\/p>\n<h3>M\u00e9diation<\/h3>\n<p>Conform\u00e9ment aux articles L.612-1 et suivants du Code de la consommation, le client peut recourir gratuitement \u00e0 un m\u00e9diateur de la consommation.<\/p>\n\n<p>M\u00e9diateur comp\u00e9tent : CM2C \u2013 Centre de la M\u00e9diation de la Consommation de Conciliateurs de Justice <br>Adresse : 14 rue Saint Jean \u2013 75017 Paris<br> Site internet : https:\/\/www.cm2c.net<\/p>\n<h3>Droit applicable<\/h3>\n<p>Le site est soumis au droit fran\u00e7ais<br>\nEn cas le litige, le tribunal comp\u00e9tent est le Tribunal de Cr\u00e9teil<\/p>\n<\/div><\/div>\n\n\n<style>.kadence-column545_d0a613-4d > .kt-inside-inner-col,.kadence-column545_d0a613-4d > .kt-inside-inner-col:before{border-top-left-radius:0px;border-top-right-radius:0px;border-bottom-right-radius:0px;border-bottom-left-radius:0px;}.kadence-column545_d0a613-4d > .kt-inside-inner-col{column-gap:var(--global-kb-gap-sm, 1rem);}.kadence-column545_d0a613-4d > .kt-inside-inner-col{flex-direction:column;}.kadence-column545_d0a613-4d > .kt-inside-inner-col > .aligncenter{width:100%;}.kadence-column545_d0a613-4d > .kt-inside-inner-col:before{opacity:0.3;}.kadence-column545_d0a613-4d{position:relative;}@media all and (max-width: 1024px){.kadence-column545_d0a613-4d > .kt-inside-inner-col{flex-direction:column;justify-content:center;}}@media all and (max-width: 767px){.kadence-column545_d0a613-4d > .kt-inside-inner-col{flex-direction:column;justify-content:center;}}<\/style>\n<div class=\"wp-block-kadence-column kadence-column545_d0a613-4d\"><div class=\"kt-inside-inner-col\"><\/div><\/div>\n\n<\/div><\/div>","protected":false},"excerpt":{"rendered":"<p>Mentions l\u00e9gales Editeur du site D\u00e9nomination sociale : PHOENIX\u2019OR Forme juridique : SASU Montant du capital social : 2000 \u20ac Adresse du si\u00e8ge social : 18 rue de la chapelle 94800 Villejuif BP 70080 Num\u00e9ro SIRET : 842 012 452 00020 Num\u00e9ro de TVA intracommunautaire : FR34 842 012 452 Responsable de la publication : [&hellip;]<\/p>\n","protected":false},"author":1,"featured_media":0,"parent":0,"menu_order":0,"comment_status":"closed","ping_status":"closed","template":"","meta":{"footnotes":""},"class_list":["post-545","page","type-page","status-publish","hentry","entry"],"_links":{"self":[{"href":"https:\/\/phoenixor.fr\/index.php\/wp-json\/wp\/v2\/pages\/545","targetHints":{"allow":["GET"]}}],"collection":[{"href":"https:\/\/phoenixor.fr\/index.php\/wp-json\/wp\/v2\/pages"}],"about":[{"href":"https:\/\/phoenixor.fr\/index.php\/wp-json\/wp\/v2\/types\/page"}],"author":[{"embeddable":true,"href":"https:\/\/phoenixor.fr\/index.php\/wp-json\/wp\/v2\/users\/1"}],"replies":[{"embeddable":true,"href":"https:\/\/phoenixor.fr\/index.php\/wp-json\/wp\/v2\/comments?post=545"}],"version-history":[{"count":14,"href":"https:\/\/phoenixor.fr\/index.php\/wp-json\/wp\/v2\/pages\/545\/revisions"}],"predecessor-version":[{"id":813,"href":"https:\/\/phoenixor.fr\/index.php\/wp-json\/wp\/v2\/pages\/545\/revisions\/813"}],"wp:attachment":[{"href":"https:\/\/phoenixor.fr\/index.php\/wp-json\/wp\/v2\/media?parent=545"}],"curies":[{"name":"wp","href":"https:\/\/api.w.org\/{rel}","templated":true}]}}