{"id":756,"date":"2026-01-22T20:40:36","date_gmt":"2026-01-22T19:40:36","guid":{"rendered":"https:\/\/phoenixor.fr\/?page_id=756"},"modified":"2026-01-22T22:48:24","modified_gmt":"2026-01-22T21:48:24","slug":"contact","status":"publish","type":"page","link":"https:\/\/phoenixor.fr\/index.php\/contact\/","title":{"rendered":"Contact"},"content":{"rendered":"<style>.kb-row-layout-id756_a91409-89 > .kt-row-column-wrap{align-content:start;}:where(.kb-row-layout-id756_a91409-89 > .kt-row-column-wrap) > .wp-block-kadence-column{justify-content:start;}.kb-row-layout-id756_a91409-89 > .kt-row-column-wrap{column-gap:var(--global-kb-gap-md, 2rem);row-gap:var(--global-kb-gap-md, 2rem);padding-top:var(--global-kb-spacing-sm, 1.5rem);padding-bottom:var(--global-kb-spacing-sm, 1.5rem);}.kb-row-layout-id756_a91409-89 > .kt-row-column-wrap > div:not(.added-for-specificity){grid-column:initial;}.kb-row-layout-id756_a91409-89 > .kt-row-column-wrap{grid-template-columns:minmax(0, 1fr) minmax(0, 3fr) minmax(0, 1fr);}.kb-row-layout-id756_a91409-89 > .kt-row-layout-overlay{opacity:0.30;}@media all and (max-width: 1024px){.kb-row-layout-id756_a91409-89 > .kt-row-column-wrap > div:not(.added-for-specificity){grid-column:initial;}}@media all and (max-width: 1024px){.kb-row-layout-id756_a91409-89 > .kt-row-column-wrap{grid-template-columns:minmax(0, 1fr) minmax(0, 3fr) minmax(0, 1fr);}}@media all and (max-width: 767px){.kb-row-layout-id756_a91409-89 > .kt-row-column-wrap > div:not(.added-for-specificity){grid-column:initial;}.kb-row-layout-id756_a91409-89 > .kt-row-column-wrap{grid-template-columns:minmax(0, 1fr);}}<\/style><div class=\"kb-row-layout-wrap kb-row-layout-id756_a91409-89 alignnone wp-block-kadence-rowlayout\"><div class=\"kt-row-column-wrap kt-has-3-columns kt-row-layout-center-wide kt-tab-layout-inherit kt-mobile-layout-row kt-row-valign-top\">\n<style>.kadence-column756_9725c5-1f > .kt-inside-inner-col,.kadence-column756_9725c5-1f > .kt-inside-inner-col:before{border-top-left-radius:0px;border-top-right-radius:0px;border-bottom-right-radius:0px;border-bottom-left-radius:0px;}.kadence-column756_9725c5-1f > .kt-inside-inner-col{column-gap:var(--global-kb-gap-sm, 1rem);}.kadence-column756_9725c5-1f > .kt-inside-inner-col{flex-direction:column;}.kadence-column756_9725c5-1f > .kt-inside-inner-col > .aligncenter{width:100%;}.kadence-column756_9725c5-1f > .kt-inside-inner-col:before{opacity:0.3;}.kadence-column756_9725c5-1f{position:relative;}@media all and (max-width: 1024px){.kadence-column756_9725c5-1f > .kt-inside-inner-col{flex-direction:column;justify-content:center;}}@media all and (max-width: 767px){.kadence-column756_9725c5-1f > .kt-inside-inner-col{flex-direction:column;justify-content:center;}}<\/style>\n<div class=\"wp-block-kadence-column kadence-column756_9725c5-1f\"><div class=\"kt-inside-inner-col\"><\/div><\/div>\n\n\n<style>.kadence-column756_a5512a-bd > .kt-inside-inner-col,.kadence-column756_a5512a-bd > .kt-inside-inner-col:before{border-top-left-radius:0px;border-top-right-radius:0px;border-bottom-right-radius:0px;border-bottom-left-radius:0px;}.kadence-column756_a5512a-bd > .kt-inside-inner-col{column-gap:var(--global-kb-gap-sm, 1rem);}.kadence-column756_a5512a-bd > .kt-inside-inner-col{flex-direction:column;}.kadence-column756_a5512a-bd > .kt-inside-inner-col > .aligncenter{width:100%;}.kadence-column756_a5512a-bd > .kt-inside-inner-col:before{opacity:0.3;}.kadence-column756_a5512a-bd{position:relative;}@media all and (max-width: 1024px){.kadence-column756_a5512a-bd > .kt-inside-inner-col{flex-direction:column;justify-content:center;}}@media all and (max-width: 767px){.kadence-column756_a5512a-bd > .kt-inside-inner-col{flex-direction:column;justify-content:center;}}<\/style>\n<div class=\"wp-block-kadence-column kadence-column756_a5512a-bd\"><div class=\"kt-inside-inner-col\"><style>.kb-row-layout-id756_4bd818-48 > .kt-row-column-wrap{align-content:start;}:where(.kb-row-layout-id756_4bd818-48 > .kt-row-column-wrap) > .wp-block-kadence-column{justify-content:start;}.kb-row-layout-id756_4bd818-48 > .kt-row-column-wrap{column-gap:16px;row-gap:var(--global-kb-gap-md, 2rem);max-width:760px;margin-left:auto;margin-right:auto;padding-top:var(--global-kb-spacing-sm, 1.5rem);padding-bottom:var(--global-kb-spacing-sm, 1.5rem);grid-template-columns:minmax(0, calc(35% - ((16px * 2 )\/3)))minmax(0, calc(30% - ((16px * 2 )\/3)))minmax(0, calc(35% - ((16px * 2 )\/3)));}.kb-row-layout-id756_4bd818-48 > .kt-row-layout-overlay{opacity:0.30;}@media all and (max-width: 1024px){.kb-row-layout-id756_4bd818-48 > .kt-row-column-wrap > div:not(.added-for-specificity){grid-column:initial;}}@media all and (max-width: 1024px){.kb-row-layout-id756_4bd818-48 > .kt-row-column-wrap{grid-template-columns:minmax(0, 2fr) minmax(0, 1fr) minmax(0, 1fr);}}@media all and (max-width: 767px){.kb-row-layout-id756_4bd818-48 > .kt-row-column-wrap > div:not(.added-for-specificity){grid-column:initial;}.kb-row-layout-id756_4bd818-48 > .kt-row-column-wrap{grid-template-columns:minmax(0, 1fr);}}<\/style><div class=\"kb-row-layout-wrap kb-row-layout-id756_4bd818-48 alignnone wp-block-kadence-rowlayout\"><div class=\"kt-row-column-wrap kt-has-3-columns kt-row-layout-left-half kt-tab-layout-inherit kt-mobile-layout-row kt-row-valign-top\">\n<style>.kadence-column756_76abc0-10 > .kt-inside-inner-col,.kadence-column756_76abc0-10 > .kt-inside-inner-col:before{border-top-left-radius:0px;border-top-right-radius:0px;border-bottom-right-radius:0px;border-bottom-left-radius:0px;}.kadence-column756_76abc0-10 > .kt-inside-inner-col{column-gap:var(--global-kb-gap-sm, 1rem);}.kadence-column756_76abc0-10 > .kt-inside-inner-col{flex-direction:column;}.kadence-column756_76abc0-10 > .kt-inside-inner-col > .aligncenter{width:100%;}.kadence-column756_76abc0-10 > .kt-inside-inner-col:before{opacity:0.3;}.kadence-column756_76abc0-10{position:relative;}@media all and (max-width: 1024px){.kadence-column756_76abc0-10 > .kt-inside-inner-col{flex-direction:column;justify-content:center;}}@media all and (max-width: 767px){.kadence-column756_76abc0-10 > .kt-inside-inner-col{flex-direction:column;justify-content:center;}}<\/style>\n<div class=\"wp-block-kadence-column kadence-column756_76abc0-10\"><div class=\"kt-inside-inner-col\">\n<figure class=\"wp-block-image size-full\"><img loading=\"lazy\" decoding=\"async\" width=\"171\" height=\"112\" src=\"https:\/\/phoenixor.fr\/wp-content\/uploads\/2025\/12\/logo.png\" alt=\"Logo Phoenix'Or\" class=\"wp-image-63\"\/><\/figure>\n<\/div><\/div>\n\n\n<style>.kadence-column756_9b6e15-02 > .kt-inside-inner-col{display:flex;}.kadence-column756_9b6e15-02 > .kt-inside-inner-col,.kadence-column756_9b6e15-02 > .kt-inside-inner-col:before{border-top-left-radius:0px;border-top-right-radius:0px;border-bottom-right-radius:0px;border-bottom-left-radius:0px;}.kadence-column756_9b6e15-02 > .kt-inside-inner-col{column-gap:var(--global-kb-gap-sm, 1rem);}.kadence-column756_9b6e15-02 > .kt-inside-inner-col{flex-direction:column;justify-content:center;}.kadence-column756_9b6e15-02 > .kt-inside-inner-col > .aligncenter{width:100%;}.kt-row-column-wrap > .kadence-column756_9b6e15-02{align-self:center;}.kt-inner-column-height-full:not(.kt-has-1-columns) > .wp-block-kadence-column.kadence-column756_9b6e15-02{align-self:auto;}.kt-inner-column-height-full:not(.kt-has-1-columns) > .wp-block-kadence-column.kadence-column756_9b6e15-02 > .kt-inside-inner-col{flex-direction:column;justify-content:center;}.kadence-column756_9b6e15-02 > .kt-inside-inner-col:before{opacity:0.3;}.kadence-column756_9b6e15-02{position:relative;}.kadence-column756_9b6e15-02, .kt-inside-inner-col > .kadence-column756_9b6e15-02:not(.specificity){margin-top:var(--global-kb-spacing-sm, 1.5rem);}@media all and (max-width: 1024px){.kt-row-column-wrap > .kadence-column756_9b6e15-02{align-self:center;}}@media all and (max-width: 1024px){.kt-inner-column-height-full:not(.kt-has-1-columns) > .wp-block-kadence-column.kadence-column756_9b6e15-02{align-self:auto;}}@media all and (max-width: 1024px){.kt-inner-column-height-full:not(.kt-has-1-columns) > .wp-block-kadence-column.kadence-column756_9b6e15-02 > .kt-inside-inner-col{flex-direction:column;justify-content:center;}}@media all and (max-width: 1024px){.kadence-column756_9b6e15-02 > .kt-inside-inner-col{flex-direction:column;justify-content:center;}}@media all and (max-width: 767px){.kt-row-column-wrap > .kadence-column756_9b6e15-02{align-self:flex-start;}.kt-inner-column-height-full:not(.kt-has-1-columns) > .wp-block-kadence-column.kadence-column756_9b6e15-02{align-self:auto;}.kt-inner-column-height-full:not(.kt-has-1-columns) > .wp-block-kadence-column.kadence-column756_9b6e15-02 > .kt-inside-inner-col{flex-direction:column;justify-content:flex-start;}.kadence-column756_9b6e15-02 > .kt-inside-inner-col{flex-direction:column;justify-content:flex-start;}}<\/style>\n<div class=\"wp-block-kadence-column kadence-column756_9b6e15-02\"><div class=\"kt-inside-inner-col\">\n<h1 style=\"color:#d2b474;\">06 98 50 22 04<\/h1>\n<\/div><\/div>\n\n\n<style>.kadence-column756_394045-e3 > .kt-inside-inner-col{display:flex;}.kadence-column756_394045-e3 > .kt-inside-inner-col,.kadence-column756_394045-e3 > .kt-inside-inner-col:before{border-top-left-radius:0px;border-top-right-radius:0px;border-bottom-right-radius:0px;border-bottom-left-radius:0px;}.kadence-column756_394045-e3 > .kt-inside-inner-col{column-gap:var(--global-kb-gap-sm, 1rem);}.kadence-column756_394045-e3 > .kt-inside-inner-col{flex-direction:column;justify-content:center;}.kadence-column756_394045-e3 > .kt-inside-inner-col > .aligncenter{width:100%;}.kt-row-column-wrap > .kadence-column756_394045-e3{align-self:center;}.kt-inner-column-height-full:not(.kt-has-1-columns) > .wp-block-kadence-column.kadence-column756_394045-e3{align-self:auto;}.kt-inner-column-height-full:not(.kt-has-1-columns) > .wp-block-kadence-column.kadence-column756_394045-e3 > .kt-inside-inner-col{flex-direction:column;justify-content:center;}.kadence-column756_394045-e3 > .kt-inside-inner-col:before{opacity:0.3;}.kadence-column756_394045-e3{position:relative;}.kadence-column756_394045-e3, .kt-inside-inner-col > .kadence-column756_394045-e3:not(.specificity){margin-top:var(--global-kb-spacing-sm, 1.5rem);}@media all and (max-width: 1024px){.kt-row-column-wrap > .kadence-column756_394045-e3{align-self:center;}}@media all and (max-width: 1024px){.kt-inner-column-height-full:not(.kt-has-1-columns) > .wp-block-kadence-column.kadence-column756_394045-e3{align-self:auto;}}@media all and (max-width: 1024px){.kt-inner-column-height-full:not(.kt-has-1-columns) > .wp-block-kadence-column.kadence-column756_394045-e3 > .kt-inside-inner-col{flex-direction:column;justify-content:center;}}@media all and (max-width: 1024px){.kadence-column756_394045-e3 > .kt-inside-inner-col{flex-direction:column;justify-content:center;}}@media all and (max-width: 767px){.kt-row-column-wrap > .kadence-column756_394045-e3{align-self:flex-start;}.kt-inner-column-height-full:not(.kt-has-1-columns) > .wp-block-kadence-column.kadence-column756_394045-e3{align-self:auto;}.kt-inner-column-height-full:not(.kt-has-1-columns) > .wp-block-kadence-column.kadence-column756_394045-e3 > .kt-inside-inner-col{flex-direction:column;justify-content:flex-start;}.kadence-column756_394045-e3 > .kt-inside-inner-col{flex-direction:column;justify-content:flex-start;}}<\/style>\n<div class=\"wp-block-kadence-column kadence-column756_394045-e3\"><div class=\"kt-inside-inner-col\">\n<h1 style=\"color:#d2b474;\">contact@phoenixor.fr<\/h1>\n<\/div><\/div>\n\n<\/div><\/div><\/div><\/div>\n\n\n<style>.kadence-column756_31e16f-21 > .kt-inside-inner-col,.kadence-column756_31e16f-21 > .kt-inside-inner-col:before{border-top-left-radius:0px;border-top-right-radius:0px;border-bottom-right-radius:0px;border-bottom-left-radius:0px;}.kadence-column756_31e16f-21 > .kt-inside-inner-col{column-gap:var(--global-kb-gap-sm, 1rem);}.kadence-column756_31e16f-21 > .kt-inside-inner-col{flex-direction:column;}.kadence-column756_31e16f-21 > .kt-inside-inner-col > .aligncenter{width:100%;}.kadence-column756_31e16f-21 > .kt-inside-inner-col:before{opacity:0.3;}.kadence-column756_31e16f-21{position:relative;}@media all and (max-width: 1024px){.kadence-column756_31e16f-21 > .kt-inside-inner-col{flex-direction:column;justify-content:center;}}@media all and (max-width: 767px){.kadence-column756_31e16f-21 > .kt-inside-inner-col{flex-direction:column;justify-content:center;}}<\/style>\n<div class=\"wp-block-kadence-column kadence-column756_31e16f-21\"><div class=\"kt-inside-inner-col\"><\/div><\/div>\n\n<\/div><\/div>\n\n<style>.kb-row-layout-id756_cfff00-af > .kt-row-column-wrap{align-content:start;}:where(.kb-row-layout-id756_cfff00-af > .kt-row-column-wrap) > .wp-block-kadence-column{justify-content:start;}.kb-row-layout-id756_cfff00-af > .kt-row-column-wrap{column-gap:var(--global-kb-gap-md, 2rem);row-gap:var(--global-kb-gap-md, 2rem);padding-top:var(--global-kb-spacing-sm, 1.5rem);padding-bottom:var(--global-kb-spacing-sm, 1.5rem);}.kb-row-layout-id756_cfff00-af > .kt-row-column-wrap > div:not(.added-for-specificity){grid-column:initial;}.kb-row-layout-id756_cfff00-af > .kt-row-column-wrap{grid-template-columns:minmax(0, 1fr) minmax(0, 2fr) minmax(0, 1fr);}.kb-row-layout-id756_cfff00-af > .kt-row-layout-overlay{opacity:0.30;}@media all and (max-width: 1024px){.kb-row-layout-id756_cfff00-af > .kt-row-column-wrap > div:not(.added-for-specificity){grid-column:initial;}}@media all and (max-width: 1024px){.kb-row-layout-id756_cfff00-af > .kt-row-column-wrap{grid-template-columns:minmax(0, 1fr) minmax(0, 2fr) minmax(0, 1fr);}}@media all and (max-width: 767px){.kb-row-layout-id756_cfff00-af > .kt-row-column-wrap > div:not(.added-for-specificity){grid-column:initial;}.kb-row-layout-id756_cfff00-af > .kt-row-column-wrap{grid-template-columns:minmax(0, 1fr);}}<\/style><div class=\"kb-row-layout-wrap kb-row-layout-id756_cfff00-af alignnone wp-block-kadence-rowlayout\"><div class=\"kt-row-column-wrap kt-has-3-columns kt-row-layout-center-half kt-tab-layout-inherit kt-mobile-layout-row kt-row-valign-top\">\n<style>.kadence-column756_1fcf04-96 > .kt-inside-inner-col,.kadence-column756_1fcf04-96 > .kt-inside-inner-col:before{border-top-left-radius:0px;border-top-right-radius:0px;border-bottom-right-radius:0px;border-bottom-left-radius:0px;}.kadence-column756_1fcf04-96 > .kt-inside-inner-col{column-gap:var(--global-kb-gap-sm, 1rem);}.kadence-column756_1fcf04-96 > .kt-inside-inner-col{flex-direction:column;}.kadence-column756_1fcf04-96 > .kt-inside-inner-col > .aligncenter{width:100%;}.kadence-column756_1fcf04-96 > .kt-inside-inner-col:before{opacity:0.3;}.kadence-column756_1fcf04-96{position:relative;}@media all and (max-width: 1024px){.kadence-column756_1fcf04-96 > .kt-inside-inner-col{flex-direction:column;justify-content:center;}}@media all and (max-width: 767px){.kadence-column756_1fcf04-96 > .kt-inside-inner-col{flex-direction:column;justify-content:center;}}<\/style>\n<div class=\"wp-block-kadence-column kadence-column756_1fcf04-96\"><div class=\"kt-inside-inner-col\"><\/div><\/div>\n\n\n<style>.kadence-column756_69f5b1-ce > .kt-inside-inner-col,.kadence-column756_69f5b1-ce > .kt-inside-inner-col:before{border-top-left-radius:0px;border-top-right-radius:0px;border-bottom-right-radius:0px;border-bottom-left-radius:0px;}.kadence-column756_69f5b1-ce > .kt-inside-inner-col{column-gap:var(--global-kb-gap-sm, 1rem);}.kadence-column756_69f5b1-ce > .kt-inside-inner-col{flex-direction:column;}.kadence-column756_69f5b1-ce > .kt-inside-inner-col > .aligncenter{width:100%;}.kadence-column756_69f5b1-ce > .kt-inside-inner-col:before{opacity:0.3;}.kadence-column756_69f5b1-ce{position:relative;}@media all and (max-width: 1024px){.kadence-column756_69f5b1-ce > .kt-inside-inner-col{flex-direction:column;justify-content:center;}}@media all and (max-width: 767px){.kadence-column756_69f5b1-ce > .kt-inside-inner-col{flex-direction:column;justify-content:center;}}<\/style>\n<div class=\"wp-block-kadence-column kadence-column756_69f5b1-ce\"><div class=\"kt-inside-inner-col\">\n\n<div class=\"wpcf7 no-js\" id=\"wpcf7-f774-o1\" lang=\"fr-FR\" dir=\"ltr\" data-wpcf7-id=\"774\">\n<div class=\"screen-reader-response\"><p role=\"status\" aria-live=\"polite\" aria-atomic=\"true\"><\/p> <ul><\/ul><\/div>\n<form action=\"\/index.php\/wp-json\/wp\/v2\/pages\/756#wpcf7-f774-o1\" method=\"post\" class=\"wpcf7-form init\" aria-label=\"Formulaire de contact\" novalidate=\"novalidate\" data-status=\"init\">\n<fieldset class=\"hidden-fields-container\"><input type=\"hidden\" name=\"_wpcf7\" value=\"774\" \/><input type=\"hidden\" name=\"_wpcf7_version\" value=\"6.1.4\" \/><input type=\"hidden\" name=\"_wpcf7_locale\" value=\"fr_FR\" \/><input type=\"hidden\" name=\"_wpcf7_unit_tag\" value=\"wpcf7-f774-o1\" \/><input type=\"hidden\" name=\"_wpcf7_container_post\" value=\"0\" \/><input type=\"hidden\" name=\"_wpcf7_posted_data_hash\" value=\"\" \/>\n<\/fieldset>\n<p><label> Votre nom et pr\u00e9nom<br \/>\n<span class=\"wpcf7-form-control-wrap\" data-name=\"your-name\"><input size=\"40\" maxlength=\"400\" class=\"wpcf7-form-control wpcf7-text wpcf7-validates-as-required\" autocomplete=\"name\" aria-required=\"true\" aria-invalid=\"false\" value=\"\" type=\"text\" name=\"your-name\" \/><\/span> <\/label>\n<\/p>\n<p><label> Votre e-mail<br \/>\n<span class=\"wpcf7-form-control-wrap\" data-name=\"your-email\"><input size=\"40\" maxlength=\"400\" class=\"wpcf7-form-control wpcf7-email wpcf7-validates-as-required wpcf7-text wpcf7-validates-as-email\" autocomplete=\"email\" aria-required=\"true\" aria-invalid=\"false\" value=\"\" type=\"email\" name=\"your-email\" \/><\/span> <\/label>\n<\/p>\n<p><label> Votre num\u00e9ro de t\u00e9l\u00e9phone<br \/>\n<span class=\"wpcf7-form-control-wrap\" data-name=\"tel-507\"><input size=\"40\" maxlength=\"400\" class=\"wpcf7-form-control wpcf7-tel wpcf7-text wpcf7-validates-as-tel\" aria-invalid=\"false\" value=\"\" type=\"tel\" name=\"tel-507\" \/><\/span> <\/label>\n<\/p>\n<p><label> Votre ville<br \/>\n<span class=\"wpcf7-form-control-wrap\" data-name=\"text-887\"><input size=\"40\" maxlength=\"400\" class=\"wpcf7-form-control wpcf7-text wpcf7-validates-as-required\" aria-required=\"true\" aria-invalid=\"false\" value=\"\" type=\"text\" name=\"text-887\" \/><\/span> <\/label>\n<\/p>\n<p><label> Votre message<br \/>\n<span class=\"wpcf7-form-control-wrap\" data-name=\"your-message\"><textarea cols=\"40\" rows=\"10\" maxlength=\"2000\" class=\"wpcf7-form-control wpcf7-textarea\" aria-invalid=\"false\" name=\"your-message\"><\/textarea><\/span> <\/label>\n<\/p>\n<p><input class=\"wpcf7-form-control wpcf7-submit has-spinner\" type=\"submit\" value=\"Envoyer\" \/>\n<\/p><div class=\"wpcf7-response-output\" aria-hidden=\"true\"><\/div>\n<\/form>\n<\/div>\n\n<\/div><\/div>\n\n\n<style>.kadence-column756_7ed390-54 > .kt-inside-inner-col,.kadence-column756_7ed390-54 > .kt-inside-inner-col:before{border-top-left-radius:0px;border-top-right-radius:0px;border-bottom-right-radius:0px;border-bottom-left-radius:0px;}.kadence-column756_7ed390-54 > .kt-inside-inner-col{column-gap:var(--global-kb-gap-sm, 1rem);}.kadence-column756_7ed390-54 > .kt-inside-inner-col{flex-direction:column;}.kadence-column756_7ed390-54 > .kt-inside-inner-col > .aligncenter{width:100%;}.kadence-column756_7ed390-54 > .kt-inside-inner-col:before{opacity:0.3;}.kadence-column756_7ed390-54{position:relative;}@media all and (max-width: 1024px){.kadence-column756_7ed390-54 > .kt-inside-inner-col{flex-direction:column;justify-content:center;}}@media all and (max-width: 767px){.kadence-column756_7ed390-54 > .kt-inside-inner-col{flex-direction:column;justify-content:center;}}<\/style>\n<div class=\"wp-block-kadence-column kadence-column756_7ed390-54\"><div class=\"kt-inside-inner-col\"><\/div><\/div>\n\n<\/div><\/div>\n\n<style>.kb-row-layout-id756_4dd025-c4 > .kt-row-column-wrap{align-content:start;}:where(.kb-row-layout-id756_4dd025-c4 > .kt-row-column-wrap) > .wp-block-kadence-column{justify-content:start;}.kb-row-layout-id756_4dd025-c4 > .kt-row-column-wrap{column-gap:var(--global-kb-gap-md, 2rem);row-gap:var(--global-kb-gap-md, 2rem);padding-top:var(--global-kb-spacing-sm, 1.5rem);padding-bottom:var(--global-kb-spacing-sm, 1.5rem);}.kb-row-layout-id756_4dd025-c4 > .kt-row-column-wrap > div:not(.added-for-specificity){grid-column:initial;}.kb-row-layout-id756_4dd025-c4 > .kt-row-column-wrap{grid-template-columns:minmax(0, 1fr) minmax(0, 2fr) minmax(0, 1fr);}.kb-row-layout-id756_4dd025-c4 > .kt-row-layout-overlay{opacity:0.30;}@media all and (max-width: 1024px){.kb-row-layout-id756_4dd025-c4 > .kt-row-column-wrap > div:not(.added-for-specificity){grid-column:initial;}}@media all and (max-width: 1024px){.kb-row-layout-id756_4dd025-c4 > .kt-row-column-wrap{grid-template-columns:minmax(0, 1fr) minmax(0, 2fr) minmax(0, 1fr);}}@media all and (max-width: 767px){.kb-row-layout-id756_4dd025-c4 > .kt-row-column-wrap > div:not(.added-for-specificity){grid-column:initial;}.kb-row-layout-id756_4dd025-c4 > .kt-row-column-wrap{grid-template-columns:minmax(0, 1fr);}}<\/style><div class=\"kb-row-layout-wrap kb-row-layout-id756_4dd025-c4 alignnone wp-block-kadence-rowlayout\"><div class=\"kt-row-column-wrap kt-has-3-columns kt-row-layout-center-half kt-tab-layout-inherit kt-mobile-layout-row kt-row-valign-top\">\n<style>.kadence-column756_583cc5-3a > .kt-inside-inner-col,.kadence-column756_583cc5-3a > .kt-inside-inner-col:before{border-top-left-radius:0px;border-top-right-radius:0px;border-bottom-right-radius:0px;border-bottom-left-radius:0px;}.kadence-column756_583cc5-3a > .kt-inside-inner-col{column-gap:var(--global-kb-gap-sm, 1rem);}.kadence-column756_583cc5-3a > .kt-inside-inner-col{flex-direction:column;}.kadence-column756_583cc5-3a > .kt-inside-inner-col > .aligncenter{width:100%;}.kadence-column756_583cc5-3a > .kt-inside-inner-col:before{opacity:0.3;}.kadence-column756_583cc5-3a{position:relative;}@media all and (max-width: 1024px){.kadence-column756_583cc5-3a > .kt-inside-inner-col{flex-direction:column;justify-content:center;}}@media all and (max-width: 767px){.kadence-column756_583cc5-3a > .kt-inside-inner-col{flex-direction:column;justify-content:center;}}<\/style>\n<div class=\"wp-block-kadence-column kadence-column756_583cc5-3a\"><div class=\"kt-inside-inner-col\"><\/div><\/div>\n\n\n<style>.kadence-column756_260647-af > .kt-inside-inner-col,.kadence-column756_260647-af > .kt-inside-inner-col:before{border-top-left-radius:0px;border-top-right-radius:0px;border-bottom-right-radius:0px;border-bottom-left-radius:0px;}.kadence-column756_260647-af > .kt-inside-inner-col{column-gap:var(--global-kb-gap-sm, 1rem);}.kadence-column756_260647-af > .kt-inside-inner-col{flex-direction:column;}.kadence-column756_260647-af > .kt-inside-inner-col > .aligncenter{width:100%;}.kadence-column756_260647-af > .kt-inside-inner-col:before{opacity:0.3;}.kadence-column756_260647-af{position:relative;}@media all and (max-width: 1024px){.kadence-column756_260647-af > .kt-inside-inner-col{flex-direction:column;justify-content:center;}}@media all and (max-width: 767px){.kadence-column756_260647-af > .kt-inside-inner-col{flex-direction:column;justify-content:center;}}<\/style>\n<div class=\"wp-block-kadence-column kadence-column756_260647-af\"><div class=\"kt-inside-inner-col\">\n<h5 style=\"color:#694d2e;\">Nous respectons le R\u00e8glement Europ\u00e9en de Protection des Donn\u00e9es. Vos coordonn\u00e9es ne sont collect\u00e9es que dans le but de r\u00e9pondre \u00e0 votre demande. Nous prot\u00e9geons leur confidentialit\u00e9.<\/h5>\n<\/div><\/div>\n\n\n<style>.kadence-column756_cee097-f8 > .kt-inside-inner-col,.kadence-column756_cee097-f8 > .kt-inside-inner-col:before{border-top-left-radius:0px;border-top-right-radius:0px;border-bottom-right-radius:0px;border-bottom-left-radius:0px;}.kadence-column756_cee097-f8 > .kt-inside-inner-col{column-gap:var(--global-kb-gap-sm, 1rem);}.kadence-column756_cee097-f8 > .kt-inside-inner-col{flex-direction:column;}.kadence-column756_cee097-f8 > .kt-inside-inner-col > .aligncenter{width:100%;}.kadence-column756_cee097-f8 > .kt-inside-inner-col:before{opacity:0.3;}.kadence-column756_cee097-f8{position:relative;}@media all and (max-width: 1024px){.kadence-column756_cee097-f8 > .kt-inside-inner-col{flex-direction:column;justify-content:center;}}@media all and (max-width: 767px){.kadence-column756_cee097-f8 > .kt-inside-inner-col{flex-direction:column;justify-content:center;}}<\/style>\n<div class=\"wp-block-kadence-column kadence-column756_cee097-f8\"><div class=\"kt-inside-inner-col\"><\/div><\/div>\n\n<\/div><\/div>","protected":false},"excerpt":{"rendered":"<p>06 98 50 22 04 contact@phoenixor.fr Nous respectons le R\u00e8glement Europ\u00e9en de Protection des Donn\u00e9es. Vos coordonn\u00e9es ne sont collect\u00e9es que dans le but de r\u00e9pondre \u00e0 votre demande. Nous prot\u00e9geons leur confidentialit\u00e9.<\/p>\n","protected":false},"author":1,"featured_media":0,"parent":0,"menu_order":0,"comment_status":"closed","ping_status":"closed","template":"","meta":{"footnotes":""},"class_list":["post-756","page","type-page","status-publish","hentry","entry"],"_links":{"self":[{"href":"https:\/\/phoenixor.fr\/index.php\/wp-json\/wp\/v2\/pages\/756","targetHints":{"allow":["GET"]}}],"collection":[{"href":"https:\/\/phoenixor.fr\/index.php\/wp-json\/wp\/v2\/pages"}],"about":[{"href":"https:\/\/phoenixor.fr\/index.php\/wp-json\/wp\/v2\/types\/page"}],"author":[{"embeddable":true,"href":"https:\/\/phoenixor.fr\/index.php\/wp-json\/wp\/v2\/users\/1"}],"replies":[{"embeddable":true,"href":"https:\/\/phoenixor.fr\/index.php\/wp-json\/wp\/v2\/comments?post=756"}],"version-history":[{"count":11,"href":"https:\/\/phoenixor.fr\/index.php\/wp-json\/wp\/v2\/pages\/756\/revisions"}],"predecessor-version":[{"id":808,"href":"https:\/\/phoenixor.fr\/index.php\/wp-json\/wp\/v2\/pages\/756\/revisions\/808"}],"wp:attachment":[{"href":"https:\/\/phoenixor.fr\/index.php\/wp-json\/wp\/v2\/media?parent=756"}],"curies":[{"name":"wp","href":"https:\/\/api.w.org\/{rel}","templated":true}]}}